{"id":1101291,"date":"2025-03-19T16:19:55","date_gmt":"2025-03-19T16:19:55","guid":{"rendered":"https:\/\/shop.evaschulz.es\/?page_id=1101291"},"modified":"2025-03-19T16:20:02","modified_gmt":"2025-03-19T16:20:02","slug":"politica-de-privacidad","status":"publish","type":"page","link":"https:\/\/shop.evaschulz.es\/?page_id=1101291","title":{"rendered":"Pol\u00edtica de privacidad"},"content":{"rendered":"\n<p class=\"has-medium-font-size\"><strong>Aviso legal Informaci\u00f3n Empresa Eva Schulz<\/strong><\/p>\n\n\n\n<p style=\"font-size:14px\"><strong>Titular<\/strong>: Eva Schulz<\/p>\n\n\n\n<p style=\"font-size:14px\"><strong>Direcci\u00f3n<\/strong>: Paseo San Juan 95<\/p>\n\n\n\n<p style=\"font-size:14px\"><strong>Tel\u00e9fono:<\/strong> +34 607247979<\/p>\n\n\n\n<p style=\"font-size:14px\"><strong>Email:<\/strong> <a href=\"mailto:eva@evaschulz.es\">eva@evaschulz.es<\/a><\/p>\n\n\n\n<p style=\"font-size:14px\"><strong>VAT<\/strong>: X4460846L<\/p>\n\n\n\n<p style=\"font-size:14px\"><strong>Contacto<\/strong>: Eva Schulz<\/p>\n\n\n\n<p style=\"font-size:14px\"><strong>Administrador web<\/strong>: Eva Schulz<\/p>\n\n\n\n<p class=\"has-black-color has-text-color\" style=\"font-size:14px\">La funci\u00f3n principal del agente es establecer relaciones legales con terceros (clientes) en nombre del principal. Sin embargo, es importante tener en cuenta que, a pesar de facilitar estas conexiones, el agente <strong>no se convierte<\/strong> en parte directa del contrato ni asume ninguna responsabilidad en virtud del mismo. El principal (marca) es responsable de todas las acciones del agente, siempre que estas se encuentren dentro del \u00e1mbito de su autoridad. Esto subraya las funciones diferenciadas del principal (marca) y el agente en un contrato de agencia, donde el agente act\u00faa como representante sin asumir obligaciones ni responsabilidades contractuales directas.<\/p>\n\n\n\n<p class=\"has-black-color has-text-color\" style=\"font-size:14px\">Declaraci\u00f3n de Protecci\u00f3n de Datos En Eva Schulz, nos tomamos muy en serio la protecci\u00f3n de sus datos personales. Por lo general, puede utilizar nuestro sitio web sin proporcionar informaci\u00f3n personal. Si recopilamos datos personales (como nombre o correo electr\u00f3nico) en nuestras p\u00e1ginas, siempre lo hacemos de forma voluntaria. Estos datos no se divulgar\u00e1n a terceros. Cabe se\u00f1alar que la transmisi\u00f3n de datos a trav\u00e9s de internet puede presentar vulnerabilidades de seguridad. No es posible proteger completamente sus datos contra el acceso de terceros.<\/p>\n\n\n\n<p class=\"has-black-color has-text-color\" style=\"font-size:14px\">La autoridad responsable, seg\u00fan la legislaci\u00f3n de protecci\u00f3n de datos, es: Eva Schulz \/ <a href=\"mailto:info@evaschulz.es\">info@evaschulz.es<\/a><\/p>\n\n\n\n<p class=\"has-black-color has-text-color\" style=\"font-size:14px\">Recopilaci\u00f3n de Informaci\u00f3n General: Al acceder a nuestro sitio web, se recopila autom\u00e1ticamente informaci\u00f3n general. Esta informaci\u00f3n (archivos de registro del servidor) incluye, por ejemplo, el tipo de navegador web, el sistema operativo utilizado, el nombre de dominio de su proveedor de servicios de internet e informaci\u00f3n similar. Se trata de informaci\u00f3n puramente t\u00e9cnica que no permite obtener conclusiones sobre su persona. Esta informaci\u00f3n es t\u00e9cnicamente necesaria para la correcta entrega del contenido solicitado en los sitios web y es obligatoria al utilizar internet. Evaluamos estad\u00edsticamente este tipo de informaci\u00f3n an\u00f3nima para optimizar nuestra presencia en internet y la tecnolog\u00eda que la sustenta.<\/p>\n\n\n\n<p class=\"has-black-color has-text-color\" style=\"font-size:14px\">Cifrado SSL: Para proteger la seguridad de sus datos durante la transmisi\u00f3n, utilizamos m\u00e9todos de cifrado (p. ej., SSL) de \u00faltima generaci\u00f3n mediante HTTPS.<\/p>\n\n\n\n<p class=\"has-black-color has-text-color\" style=\"font-size:14px\">Formulario de contacto: Si se pone en contacto con nosotros por correo electr\u00f3nico o formulario de contacto, la informaci\u00f3n que nos proporcione se almacenar\u00e1 para procesar su consulta y para posibles consultas de seguimiento.<\/p>\n\n\n\n<p class=\"has-black-color has-text-color\" style=\"font-size:14px\">Eliminaci\u00f3n o bloqueo de datos: Nos adherimos a los principios de confidencialidad y ahorro de datos. Por lo tanto, solo almacenamos sus datos personales durante el tiempo necesario para lograr los fines aqu\u00ed mencionados o seg\u00fan lo exijan los distintos plazos de almacenamiento establecidos por la ley. Una vez que el fin correspondiente haya dejado de existir o transcurridos estos plazos, los datos correspondientes se bloquear\u00e1n o eliminar\u00e1n de forma rutinaria de acuerdo con la normativa legal.<\/p>\n\n\n\n<p class=\"has-black-color has-text-color\" style=\"font-size:14px\">Uso de Google Analytics: Este sitio web utiliza Google Analytics, un servicio de an\u00e1lisis web de Google Inc. (en adelante, Google). Google Analytics utiliza las llamadas \u00abcookies\u00bb, archivos de texto que se almacenan en su ordenador y que permiten analizar su uso del sitio web. La informaci\u00f3n generada por la cookie sobre su uso de este sitio web se transmite generalmente a un servidor de Google en EE. UU., donde se almacena. Sin embargo, debido a la activaci\u00f3n de la anonimizaci\u00f3n de IP en estos sitios web, Google acortar\u00e1 su direcci\u00f3n IP dentro de los estados miembros de la Uni\u00f3n Europea o en otros estados contratantes del Acuerdo sobre el Espacio Econ\u00f3mico Europeo antes de su transmisi\u00f3n. Solo en casos excepcionales se transmitir\u00e1 la direcci\u00f3n IP completa a un servidor de Google en EE. UU., donde se acortar\u00e1. En nombre del operador de este sitio web, Google utilizar\u00e1 esta informaci\u00f3n para evaluar su uso del sitio web, recopilar informes sobre la actividad del sitio web y prestar otros servicios relacionados con la actividad del sitio web y el uso de internet al operador del sitio web. La direcci\u00f3n IP transmitida por su navegador como parte de Google Analytics no se combinar\u00e1 con otros datos de Google.<\/p>\n\n\n\n<p class=\"has-black-color has-text-color\" style=\"font-size:14px\">Puede evitar el almacenamiento de cookies configurando su navegador como corresponda; sin embargo, tenga en cuenta que, en ese caso, es posible que no pueda utilizar todas las funciones de este sitio web en su totalidad. Tambi\u00e9n puede evitar que Google recopile los datos generados por la cookie y relacionados con su uso del sitio web (incluida su direcci\u00f3n IP) y que Google procese estos datos descargando e instalando el complemento del navegador disponible en el siguiente enlace: Complemento del navegador para desactivar Google Analytics.<\/p>\n\n\n\n<p class=\"has-black-color has-text-color\" style=\"font-size:14px\">Adem\u00e1s del complemento del navegador, o como alternativa, puede evitar el seguimiento de Google Analytics en nuestras p\u00e1ginas haciendo clic en este enlace. Esto instalar\u00e1 una cookie de inhabilitaci\u00f3n en su dispositivo. Esto impedir\u00e1 que Google Analytics recopile datos para este sitio web y para este navegador en el futuro, siempre que la cookie permanezca instalada en su navegador.<\/p>\n\n\n\n<p class=\"has-black-color has-text-color\" style=\"font-size:14px\">Uso de bibliotecas de scripts (Google Web Fonts). Para mostrar nuestro contenido correctamente y con un dise\u00f1o gr\u00e1fico atractivo en todos los navegadores, utilizamos bibliotecas de scripts y fuentes en este sitio web, como Google Web Fonts (<a href=\"https:\/\/www.google.com\/webfonts\/\">https:\/\/www.google.com\/webfonts\/<\/a>). Las Google Web Fonts se almacenan en la cach\u00e9 de su navegador para evitar cargas repetidas. Si su navegador no es compatible con Google Web Fonts o impide el acceso, el contenido se mostrar\u00e1 con una fuente est\u00e1ndar.<\/p>\n\n\n\n<p class=\"has-black-color has-text-color\" style=\"font-size:14px\">La llamada a bibliotecas de scripts o de fuentes activa autom\u00e1ticamente una conexi\u00f3n con el operador de la biblioteca. Es te\u00f3ricamente posible, aunque actualmente no est\u00e1 claro si los operadores de dichas bibliotecas recopilan datos y con qu\u00e9 fines.<\/p>\n\n\n\n<p class=\"has-black-color has-text-color\" style=\"font-size:14px\">La pol\u00edtica de privacidad del operador de la biblioteca Google se puede encontrar aqu\u00ed: <a href=\"https:\/\/www.google.com\/policies\/privacy\/\">https:\/\/www.google.com\/policies\/privacy\/<\/a><\/p>\n\n\n\n<p class=\"has-black-color has-text-color\" style=\"font-size:14px\">Uso de Google Maps: Este sitio web utiliza la API de Google Maps para mostrar informaci\u00f3n geogr\u00e1fica. Al usar Google Maps, Google tambi\u00e9n recopila, procesa y utiliza datos sobre el uso de las funciones del mapa por parte de los visitantes. Para obtener m\u00e1s informaci\u00f3n sobre el procesamiento de datos de Google, consulte su pol\u00edtica de privacidad. All\u00ed tambi\u00e9n puede cambiar su configuraci\u00f3n de protecci\u00f3n de datos personales en el centro de privacidad.<\/p>\n\n\n\n<p class=\"has-black-color has-text-color\" style=\"font-size:14px\">Puede encontrar instrucciones detalladas sobre c\u00f3mo administrar sus datos en relaci\u00f3n con los productos de Google aqu\u00ed.<\/p>\n\n\n\n<p class=\"has-black-color has-text-color\" style=\"font-size:14px\">Plugins sociales. En nuestros sitios web se utilizan plugins sociales de los proveedores que se enumeran a continuaci\u00f3n. Puede reconocerlos por su logotipo.<\/p>\n\n\n\n<p class=\"has-black-color has-text-color\" style=\"font-size:14px\">A trav\u00e9s de estos plugins, se puede enviar informaci\u00f3n, que tambi\u00e9n puede incluir datos personales, al proveedor de servicios y, si es necesario, este la utiliza. Evitamos la recopilaci\u00f3n y transmisi\u00f3n involuntaria de datos al proveedor de servicios mediante una soluci\u00f3n de dos clics. Para activar el plugin social deseado, primero debe activarse haciendo clic en el interruptor correspondiente. Solo al activar el plugin se iniciar\u00e1 la recopilaci\u00f3n de informaci\u00f3n y su transmisi\u00f3n al proveedor de servicios. No recopilamos ning\u00fan dato personal a trav\u00e9s de los plugins sociales ni sobre su uso.<\/p>\n\n\n\n<p class=\"has-black-color has-text-color\" style=\"font-size:14px\">No tenemos control sobre qu\u00e9 datos recopila un plugin activado ni c\u00f3mo los utiliza el proveedor. Actualmente, se asume que se establece una conexi\u00f3n directa con los servicios del proveedor y que, como m\u00ednimo, se recopilan y utilizan la direcci\u00f3n IP y la informaci\u00f3n del dispositivo. Tambi\u00e9n es posible que los proveedores de servicios intenten guardar cookies en el ordenador utilizado. Consulte la pol\u00edtica de privacidad del proveedor de servicios correspondiente para obtener informaci\u00f3n sobre qu\u00e9 datos espec\u00edficos se recopilan y c\u00f3mo se utilizan. Nota: Si inicia sesi\u00f3n en Facebook al mismo tiempo, Facebook puede identificarle como visitante de una p\u00e1gina espec\u00edfica.<\/p>\n\n\n\n<p class=\"has-black-color has-text-color\" style=\"font-size:14px\">Hemos integrado los botones de redes sociales de las siguientes empresas en nuestro sitio web:<\/p>\n\n\n\n<p class=\"has-black-color has-text-color\" style=\"font-size:14px\">Facebook Inc. (1601 S. California Ave &#8211; Palo Alto &#8211; CA 94304 &#8211; USA)<\/p>\n\n\n\n<p class=\"has-black-color has-text-color\" style=\"font-size:14px\">Sus derechos de informaci\u00f3n, correcci\u00f3n, bloqueo, eliminaci\u00f3n y oposici\u00f3n. Tiene derecho a obtener informaci\u00f3n sobre sus datos personales almacenados en cualquier momento. Tambi\u00e9n tiene derecho a corregir, bloquear o, adem\u00e1s del almacenamiento prescrito para el procesamiento comercial, eliminar sus datos personales. Para ello, p\u00f3ngase en contacto con nuestro responsable de protecci\u00f3n de datos. Encontrar\u00e1 los datos de contacto al final de la p\u00e1gina.<\/p>\n\n\n\n<p class=\"has-black-color has-text-color\" style=\"font-size:14px\">Para garantizar que los datos puedan bloquearse en cualquier momento, estos deben conservarse en un archivo de bloqueo con fines de control. Tambi\u00e9n puede solicitar la eliminaci\u00f3n de los datos, siempre que no exista una obligaci\u00f3n legal de archivarlos. Si existiera dicha obligaci\u00f3n, bloquearemos sus datos si lo solicita.<\/p>\n\n\n\n<p class=\"has-black-color has-text-color\" style=\"font-size:14px\">Puede realizar cambios o revocar su consentimiento con efecto para el futuro notific\u00e1ndonoslo correspondientemente.<\/p>\n\n\n\n<p class=\"has-black-color has-text-color\" style=\"font-size:14px\">Cambios en nuestra Pol\u00edtica de Protecci\u00f3n de Datos. Nos reservamos el derecho a adaptar ocasionalmente esta pol\u00edtica de protecci\u00f3n de datos para que siempre cumpla con los requisitos legales vigentes o a implementar cambios en nuestros servicios, por ejemplo, al introducir nuevos servicios. La nueva pol\u00edtica de protecci\u00f3n de datos se aplicar\u00e1 en su pr\u00f3xima visita.<\/p>\n\n\n\n<p class=\"has-black-color has-text-color\" style=\"font-size:14px\">Preguntas para el delegado de protecci\u00f3n de datos Si tiene alguna pregunta sobre protecci\u00f3n de datos, escr\u00edbanos por correo electr\u00f3nico o p\u00f3ngase en contacto directamente con nuestro delegado de protecci\u00f3n de datos:<\/p>\n\n\n\n<p class=\"has-black-color has-text-color\" style=\"font-size:14px\">Eva Schulz &#8211; <a href=\"mailto:info@evaschulz.es\">info@evaschulz.es<\/a><\/p>\n\n\n\n<p class=\"has-black-color has-text-color\" style=\"font-size:14px\">Formulario de contacto. Si nos env\u00eda consultas a trav\u00e9s del formulario de contacto, sus datos, incluidos los de contacto que proporcion\u00f3, se almacenar\u00e1n para procesar la consulta y para consultas posteriores. Nunca compartimos estos datos. Adem\u00e1s, se eliminar\u00e1n una vez procesada su solicitud.<\/p>\n\n\n\n<p class=\"has-black-color has-text-color\" style=\"font-size:14px\">Redes sociales EvaSchulz est\u00e1 en Facebook.<\/p>\n\n\n\n<p class=\"has-black-color has-text-color\" style=\"font-size:14px\">Redes sociales EvaSchulz est\u00e1 en Instagram.<\/p>\n\n\n\n<p class=\"has-black-color has-text-color\" style=\"font-size:14px\">Redes sociales EvaSchulz est\u00e1 en TikTok.<\/p>\n\n\n\n<p class=\"has-black-color has-text-color\" style=\"font-size:14px\">Horario de apertura de lunes a viernes de 9:00 a 18:00 horas (visite la sala de exposici\u00f3n solo con cita previa).<\/p>\n\n\n\n<p class=\"has-black-color has-text-color\" style=\"font-size:14px\">Para cita previa contactar con: <a href=\"mailto:info@evaschulz.es\">info@evaschulz.es<\/a><\/p>\n\n\n\n<p class=\"has-black-color has-text-color\" style=\"font-size:14px\"><\/p>\n\n\n\n<p><\/p>\n","protected":false},"excerpt":{"rendered":"<p>Aviso legal Informaci\u00f3n Empresa Eva Schulz Titular: Eva Schulz Direcci\u00f3n: Paseo San Juan 95 Tel\u00e9fono: +34 607247979 Email: eva@evaschulz.es VAT: X4460846L Contacto: Eva Schulz Administrador web: Eva Schulz La funci\u00f3n principal del agente es establecer relaciones legales con terceros (clientes) [&hellip;]<\/p>\n","protected":false},"author":228,"featured_media":0,"parent":0,"menu_order":0,"comment_status":"closed","ping_status":"open","template":"","meta":{"inline_featured_image":false,"footnotes":""},"class_list":["post-1101291","page","type-page","status-publish","hentry"],"jetpack_sharing_enabled":true,"_links":{"self":[{"href":"https:\/\/shop.evaschulz.es\/index.php?rest_route=\/wp\/v2\/pages\/1101291","targetHints":{"allow":["GET"]}}],"collection":[{"href":"https:\/\/shop.evaschulz.es\/index.php?rest_route=\/wp\/v2\/pages"}],"about":[{"href":"https:\/\/shop.evaschulz.es\/index.php?rest_route=\/wp\/v2\/types\/page"}],"author":[{"embeddable":true,"href":"https:\/\/shop.evaschulz.es\/index.php?rest_route=\/wp\/v2\/users\/228"}],"replies":[{"embeddable":true,"href":"https:\/\/shop.evaschulz.es\/index.php?rest_route=%2Fwp%2Fv2%2Fcomments&post=1101291"}],"version-history":[{"count":1,"href":"https:\/\/shop.evaschulz.es\/index.php?rest_route=\/wp\/v2\/pages\/1101291\/revisions"}],"predecessor-version":[{"id":1101292,"href":"https:\/\/shop.evaschulz.es\/index.php?rest_route=\/wp\/v2\/pages\/1101291\/revisions\/1101292"}],"wp:attachment":[{"href":"https:\/\/shop.evaschulz.es\/index.php?rest_route=%2Fwp%2Fv2%2Fmedia&parent=1101291"}],"curies":[{"name":"wp","href":"https:\/\/api.w.org\/{rel}","templated":true}]}}