{"id":1307,"date":"2019-08-16T09:17:14","date_gmt":"2019-08-16T09:17:14","guid":{"rendered":"https:\/\/biagiotti.qodeinteractive.com\/?page_id=1307"},"modified":"2026-03-19T17:09:18","modified_gmt":"2026-03-19T17:09:18","slug":"about-us","status":"publish","type":"page","link":"https:\/\/shop.evaschulz.es\/?page_id=1307","title":{"rendered":"El Showroom"},"content":{"rendered":"<div class=\"wpb-content-wrapper\"><p>[vc_row equal_height=\u00bbyes\u00bb css=\u00bb.vc_custom_1607934884521{padding-top: 145px !important;padding-bottom: 132px !important;}\u00bb][vc_column width=\u00bb1\/4&#8243;][\/vc_column][vc_column width=\u00bb1\/2&#8243;]<div class=\"mkdf-elements-holder   mkdf-one-column  mkdf-responsive-mode-768 \" ><div class=\"mkdf-eh-item   mkdf-horizontal-alignment-center  \" data-item-class=\"mkdf-eh-custom-9673\" data-1025-1399=\"0px 0px 0px 0px\" data-769-1024=\"0px 0px 0px 0px\" data-681-768=\"0px 0px 0px 0px\" data-680=\"0px 0px 0px 0px\">\n\t<div class=\"mkdf-eh-background-holder\"  ><\/div>\n\t<div class=\"mkdf-eh-item-inner\">\n\t\t<div class=\"mkdf-eh-item-content mkdf-eh-custom-9673\" style=\"padding: 0px 70px 0px 70px\">\n\t\t\t<div class=\"mkdf-section-title-holder  mkdf-st-top-tagline-position mkdf-st-center-position mkdf-st-bottom-image-position \" style=\"text-align: center\">\n\t<div class=\"mkdf-st-inner\">\n\t\t\t\t\t\t\t\t\t<h2 class=\"mkdf-st-title\" >\n\t\t\t\tShowroom Eva Schulz\t\t\t<\/h2>\n\t\t\t\t\t\t\t\t\t<h5 class=\"mkdf-st-text\" style=\"font-size: 16px;line-height: 20px;margin-top: 20px\">\n\t\t\t\t``M\u00e1s de 10 a\u00f1os de experiencia investigando el mercado infantil para ofrecerte las mejores marcas y productos para tu tienda``\t\t\t<\/h5>\n\t\t\t\t\t\t\t\t\t<\/div>\n<\/div><div class=\"mkdf-section-title-holder  mkdf-st-top-tagline-position mkdf-st-center-position mkdf-st-bottom-image-position \" style=\"text-align: center\">\n\t<div class=\"mkdf-st-inner\">\n\t\t\t\t\t\t\t\t\t\t\t\t\t<p class=\"mkdf-st-text\" style=\"font-size: 14px;line-height: 25px;font-weight: 300;margin-top: 14px\">\n\t\t\t\tTodo comienza con la historia de una emprendedora visionaria. Eva Schulz, procedente de Alemania con tres hijas y un hijo, cre\u00f3 un espacio para exhibir las mejores marcas infantiles y satisfacer las necesidades actuales del mercado.\t\t\t<\/p>\n\t\t\t\t\t\t\t\t\t<\/div>\n<\/div><div class=\"mkdf-section-title-holder  mkdf-st-top-tagline-position mkdf-st-center-position mkdf-st-bottom-image-position \" style=\"text-align: center\">\n\t<div class=\"mkdf-st-inner\">\n\t\t\t\t\t\t\t\t\t\t\t\t\t<p class=\"mkdf-st-text\" style=\"font-size: 14px;line-height: 25px;font-weight: 300;margin-top: 14px\">\n\t\t\t\tNos gusta pensar en nuestro Showroom como un peque\u00f1o libro lleno de historias y sorpresas para inspirar y compartir con orgullo. Empezamos trabajando con marcas de moda infantil y, con el tiempo, hemos crecido, incorporando productos innovadores y \u00fanicos para ofrecer a nuestros clientes exclusividad y personalidad.\t\t\t<\/p>\n\t\t\t\t\t\t\t\t\t<\/div>\n<\/div><div class=\"mkdf-section-title-holder  mkdf-st-top-tagline-position mkdf-st-center-position mkdf-st-bottom-image-position \" style=\"text-align: center\">\n\t<div class=\"mkdf-st-inner\">\n\t\t\t\t\t\t\t\t\t\t\t\t\t<p class=\"mkdf-st-text\" style=\"font-size: 14px;line-height: 25px;font-weight: 300;margin-top: 14px\">\n\t\t\t\tEn nuestro cat\u00e1logo encontrar\u00e1s moda, puericultura, interiorismo, lifestyle, juguetes, accesorios, cosm\u00e9tica y libros. Estas marcas provienen de Espa\u00f1a, Francia, Italia, Alemania, Dinamarca y el resto de EU. Seleccionamos meticulosamente productos de alta calidad y funcionalidad.\t\t\t<\/p>\n\t\t\t\t\t\t\t\t\t<\/div>\n<\/div><div class=\"mkdf-section-title-holder  mkdf-st-top-tagline-position mkdf-st-center-position mkdf-st-bottom-image-position \" style=\"text-align: center\">\n\t<div class=\"mkdf-st-inner\">\n\t\t\t\t\t\t\t\t\t\t\t\t\t<p class=\"mkdf-st-text\" style=\"font-size: 14px;line-height: 25px;font-weight: 300;margin-top: 14px\">\n\t\t\t\tBrindar un servicio excelente y un seguimiento personalizado a nuestros clientes en toda Europa es fundamental para nosotros. Dedicamos todos nuestros esfuerzos a asesorarlos y asistirlos bas\u00e1ndonos en nuestra experiencia y conocimiento del sector.\t\t\t<\/p>\n\t\t\t\t\t\t\t\t\t<\/div>\n<\/div><div class=\"mkdf-section-title-holder  mkdf-st-top-tagline-position mkdf-st-center-position mkdf-st-bottom-image-position \" style=\"text-align: center\">\n\t<div class=\"mkdf-st-inner\">\n\t\t\t\t\t\t\t\t\t\t\t\t\t<p class=\"mkdf-st-text\" style=\"font-size: 14px;line-height: 25px;font-weight: 300;margin-top: 14px\">\n\t\t\t\tLa sostenibilidad es un pilar fundamental de nuestro negocio. Juntos, nos esforzamos por contribuir a la preservaci\u00f3n del medio ambiente seleccionando cuidadosamente marcas que ofrecen productos sostenibles y ecol\u00f3gicos, veganos, libres de crueldad animal y respetuosos con el medio ambiente.\t\t\t<\/p>\n\t\t\t\t\t\t\t\t\t<\/div>\n<\/div><div class=\"mkdf-section-title-holder  mkdf-st-top-tagline-position mkdf-st-center-position mkdf-st-bottom-image-position \" style=\"text-align: center\">\n\t<div class=\"mkdf-st-inner\">\n\t\t\t\t\t\t\t\t\t\t\t\t\t<h6 class=\"mkdf-st-text\" style=\"font-size: 14px;line-height: 25px;font-weight: 600;margin-top: 18px\">\n\t\t\t\tSUM\u00c9RGETE EN EL MUNDO DEL SHOWROOM EVA SCHULZ Y CREA TU HISTORIA JUNTO A NOSOTROS!\t\t\t<\/h6>\n\t\t\t\t\t\t\t\t\t<\/div>\n<\/div>\t\t<\/div>\n\t\t\t<\/div>\n<\/div><\/div>[\/vc_column][vc_column width=\u00bb1\/4&#8243;][\/vc_column][\/vc_row]<\/p>\n<\/div>","protected":false},"excerpt":{"rendered":"<p>[vc_row equal_height=\u00bbyes\u00bb css=\u00bb.vc_custom_1607934884521{padding-top: 145px !important;padding-bottom: 132px !important;}\u00bb][vc_column width=\u00bb1\/4&#8243;][\/vc_column][vc_column width=\u00bb1\/2&#8243;][\/vc_column][vc_column width=\u00bb1\/4&#8243;][\/vc_column][\/vc_row]<\/p>\n","protected":false},"author":1,"featured_media":0,"parent":0,"menu_order":0,"comment_status":"closed","ping_status":"closed","template":"full-width.php","meta":{"inline_featured_image":false,"footnotes":""},"class_list":["post-1307","page","type-page","status-publish","hentry"],"jetpack_sharing_enabled":true,"_links":{"self":[{"href":"https:\/\/shop.evaschulz.es\/index.php?rest_route=\/wp\/v2\/pages\/1307","targetHints":{"allow":["GET"]}}],"collection":[{"href":"https:\/\/shop.evaschulz.es\/index.php?rest_route=\/wp\/v2\/pages"}],"about":[{"href":"https:\/\/shop.evaschulz.es\/index.php?rest_route=\/wp\/v2\/types\/page"}],"author":[{"embeddable":true,"href":"https:\/\/shop.evaschulz.es\/index.php?rest_route=\/wp\/v2\/users\/1"}],"replies":[{"embeddable":true,"href":"https:\/\/shop.evaschulz.es\/index.php?rest_route=%2Fwp%2Fv2%2Fcomments&post=1307"}],"version-history":[{"count":7,"href":"https:\/\/shop.evaschulz.es\/index.php?rest_route=\/wp\/v2\/pages\/1307\/revisions"}],"predecessor-version":[{"id":1106368,"href":"https:\/\/shop.evaschulz.es\/index.php?rest_route=\/wp\/v2\/pages\/1307\/revisions\/1106368"}],"wp:attachment":[{"href":"https:\/\/shop.evaschulz.es\/index.php?rest_route=%2Fwp%2Fv2%2Fmedia&parent=1307"}],"curies":[{"name":"wp","href":"https:\/\/api.w.org\/{rel}","templated":true}]}}